{"id":740,"date":"2023-04-14T08:59:29","date_gmt":"2023-04-14T08:59:29","guid":{"rendered":"https:\/\/defectodefabrica.org\/?page_id=740"},"modified":"2023-05-30T23:58:14","modified_gmt":"2023-05-30T23:58:14","slug":"muestra-digital","status":"publish","type":"page","link":"https:\/\/defectodefabrica.org\/?page_id=740","title":{"rendered":"Muestra Digital"},"content":{"rendered":"\n<div class=\"wp-block-uagb-container uag-hide-desktop uag-hide-tab uag-hide-mob uagb-block-0d151864 alignfull uagb-is-root-container\"><div class=\"uagb-container__video-wrap\"><video autoplay loop muted playsinline><source src=\"https:\/\/defectodefabrica.org\/wp-content\/uploads\/2023\/05\/WhatsApp-Video-2023-04-19-at-6.30.58-PM1.mp4\" type=\"video\/mp4\"\/><\/video><\/div><div class=\"uagb-container-inner-blocks-wrap\">\n<div class=\"wp-block-uagb-advanced-heading uagb-block-7aac010a\"><h1 class=\"uagb-heading-text\">Muestra Digital<\/h1><\/div>\n<\/div><\/div>\n\n\n\n<div class=\"wp-block-uagb-container uag-hide-desktop uag-hide-tab uag-hide-mob uagb-block-44c9851e alignfull uagb-is-root-container\"><div class=\"uagb-container-inner-blocks-wrap\">\n<div class=\"wp-block-uagb-container uagb-block-b7a77845\">\n<div class=\"wp-block-uagb-container uagb-block-0691ee6f\">\n<div class=\"wp-block-uagb-buttons uagb-buttons__outer-wrap uagb-btn__default-btn uagb-btn-tablet__default-btn uagb-btn-mobile__default-btn uagb-block-bd148bcb\"><div class=\"uagb-buttons__wrap uagb-buttons-layout-wrap\">\n<div class=\"wp-block-uagb-buttons-child uagb-buttons__outer-wrap uagb-block-8fd3db21 wp-block-button is-style-outline\"><div class=\"uagb-button__wrapper\"><a class=\"uagb-buttons-repeater wp-block-button__link\" href=\"#\" onclick=\"return false;\" rel=\"follow noopener\" target=\"_self\"><div class=\"uagb-button__link\">Anhelo de casa, anhelo de la infancia<\/div><\/a><\/div><\/div>\n<\/div><\/div>\n<\/div>\n\n\n\n<div class=\"wp-block-uagb-container uagb-block-982ab338\">\n<div class=\"wp-block-uagb-buttons uagb-buttons__outer-wrap uagb-btn__default-btn uagb-btn-tablet__default-btn uagb-btn-mobile__default-btn uagb-block-63000c6c\"><div class=\"uagb-buttons__wrap uagb-buttons-layout-wrap\">\n<div class=\"wp-block-uagb-buttons-child uagb-buttons__outer-wrap uagb-block-66ad5978 wp-block-button is-style-outline\"><div class=\"uagb-button__wrapper\"><a class=\"uagb-buttons-repeater wp-block-button__link has-background\" href=\"#\" onclick=\"return false;\" rel=\"follow noopener\" target=\"_self\"><div class=\"uagb-button__link\">Cimentaci\u00f3n<\/div><\/a><\/div><\/div>\n<\/div><\/div>\n<\/div>\n<\/div>\n\n\n\n<div class=\"wp-block-uagb-container uagb-block-4ae704f9\">\n<div class=\"wp-block-uagb-container uagb-block-f5daba2d\">\n<div class=\"wp-block-uagb-buttons uagb-buttons__outer-wrap uagb-btn__default-btn uagb-btn-tablet__default-btn uagb-btn-mobile__default-btn uagb-block-be217f04\"><div class=\"uagb-buttons__wrap uagb-buttons-layout-wrap\">\n<div class=\"wp-block-uagb-buttons-child uagb-buttons__outer-wrap uagb-block-320c5665 wp-block-button is-style-outline\"><div class=\"uagb-button__wrapper\"><a class=\"uagb-buttons-repeater wp-block-button__link\" href=\"#\" onclick=\"return false;\" rel=\"follow noopener\" target=\"_self\"><div class=\"uagb-button__link\">La Imaginaci\u00f3n del hogar<\/div><\/a><\/div><\/div>\n<\/div><\/div>\n<\/div>\n\n\n\n<div class=\"wp-block-uagb-container uagb-block-5752356a\">\n<div class=\"wp-block-uagb-buttons uagb-buttons__outer-wrap uagb-btn__default-btn uagb-btn-tablet__default-btn uagb-btn-mobile__default-btn uagb-block-6196c6fa\"><div class=\"uagb-buttons__wrap uagb-buttons-layout-wrap\">\n<div class=\"wp-block-uagb-buttons-child uagb-buttons__outer-wrap uagb-block-1bfe1def wp-block-button is-style-outline\"><div class=\"uagb-button__wrapper\"><a class=\"uagb-buttons-repeater wp-block-button__link\" href=\"#\" onclick=\"return false;\" rel=\"follow noopener\" target=\"_self\"><div class=\"uagb-button__link\">La pasi\u00f3n de coleccionista confina con el caos de sus recuerdos<\/div><\/a><\/div><\/div>\n<\/div><\/div>\n<\/div>\n<\/div>\n\n\n\n<div class=\"wp-block-uagb-container uagb-block-a9fdeb1e\">\n<div class=\"wp-block-uagb-container uagb-block-1c545ad0\">\n<div class=\"wp-block-uagb-buttons uagb-buttons__outer-wrap uagb-btn__default-btn uagb-btn-tablet__default-btn uagb-btn-mobile__default-btn uagb-block-95068208\"><div class=\"uagb-buttons__wrap uagb-buttons-layout-wrap\">\n<div class=\"wp-block-uagb-buttons-child uagb-buttons__outer-wrap uagb-block-e762c7aa wp-block-button is-style-outline\"><div class=\"uagb-button__wrapper\"><a class=\"uagb-buttons-repeater wp-block-button__link\" href=\"#\" onclick=\"return false;\" rel=\"follow noopener\" target=\"_self\"><div class=\"uagb-button__link\">Los d\u00edas de luna llena son los mejores para cortar madera<\/div><\/a><\/div><\/div>\n<\/div><\/div>\n<\/div>\n\n\n\n<div class=\"wp-block-uagb-container uagb-block-fea4dfe0\">\n<div class=\"wp-block-uagb-buttons uagb-buttons__outer-wrap uagb-btn__default-btn uagb-btn-tablet__default-btn uagb-btn-mobile__default-btn uagb-block-022bd803\"><div class=\"uagb-buttons__wrap uagb-buttons-layout-wrap\">\n<div class=\"wp-block-uagb-buttons-child uagb-buttons__outer-wrap uagb-block-e458d7e7 wp-block-button is-style-outline\"><div class=\"uagb-button__wrapper\"><a class=\"uagb-buttons-repeater wp-block-button__link\" href=\"#\" onclick=\"return false;\" rel=\"follow noopener\" target=\"_self\"><div class=\"uagb-button__link\">Todos rezaban en voz baja<\/div><\/a><\/div><\/div>\n<\/div><\/div>\n<\/div>\n<\/div>\n<\/div><\/div>\n\n\n<div class=\"n2_clear\"><ss3-force-full-width data-overflow-x=\"body\" data-horizontal-selector=\"body\"><ss3-fullpage data-based-on=\"real\" data-threshold=\"150\"><div class=\"n2-section-smartslider fitvidsignore  n2_clear\" data-ssid=\"12\" tabindex=\"0\" role=\"region\" aria-label=\"Slider\"><div id=\"n2-ss-12-align\" class=\"n2-ss-align\"><div class=\"n2-padding\"><div id=\"n2-ss-12\" data-creator=\"Smart Slider 3\" data-responsive=\"fullpage\" class=\"n2-ss-slider n2-ow n2-has-hover n2notransition  \">\r\n        <div class=\"n2-ss-slider-1 n2_ss__touch_element n2-ow\">\r\n            <div class=\"n2-ss-slider-2 n2-ow\">\r\n                                                <div class=\"n2-ss-slider-3 n2-ow\">\r\n\r\n                    <div class=\"n2-ss-slide-backgrounds n2-ow-all\"><div class=\"n2-ss-slide-background\" data-public-id=\"1\" data-mode=\"fill\"><video class=\"n2-ss-slide-background-video intrinsic-ignore data-tf-not-load\" style=\"opacity:1;\" data-mode=\"fill\" playsinline=\"playsinline\" webkit-playsinline=\"webkit-playsinline\" onloadstart=\"this.n2LoadStarted=1;\" data-keepplaying=\"1\" preload=\"none\" muted=\"muted\" loop=\"loop\" data-reset-slide-change=\"1\"><source src=\"\/\/defectodefabrica.org\/wp-content\/uploads\/2023\/05\/WhatsApp-Video-2023-04-19-at-6.30.58-PM1.mp4\" type=\"video\/mp4\"><\/video><div data-color=\"RGBA(255,255,255,0)\" style=\"background-color: RGBA(255,255,255,0);\" class=\"n2-ss-slide-background-color\"><\/div><\/div><\/div>                    <div class=\"n2-ss-slider-4 n2-ow\">\r\n                        <div data-first=\"1\" data-slide-duration=\"0\" data-id=\"42\" data-slide-public-id=\"1\" data-title=\"Superposici\u00f3n est\u00e1tica\" class=\"n2-ss-slide n2-ow  n2-ss-slide-42\"><div role=\"note\" class=\"n2-ss-slide--focus\" tabindex=\"-1\">Superposici\u00f3n est\u00e1tica<\/div><div class=\"n2-ss-layers-container n2-ss-slide-limiter n2-ow\"><div class=\"n2-ss-layer n2-ow n-uc-2LJu3VR3jgg2\" data-sstype=\"slide\" data-pm=\"default\"><div class=\"n2-ss-layer n2-ow n-uc-jhQ4NHPvUkX0\" data-pm=\"default\" data-sstype=\"content\" data-hasbackground=\"0\"><div class=\"n2-ss-section-main-content n2-ss-layer-with-background n2-ss-layer-content n2-ow n-uc-jhQ4NHPvUkX0-inner\"><div class=\"n2-ss-layer n2-ow n-uc-9wK3aXbP5pkt\" data-pm=\"normal\" data-animv2=\"{&quot;basic&quot;:{&quot;in&quot;:{&quot;type&quot;:&quot;basic&quot;,&quot;name&quot;:&quot;Desvanecer&quot;,&quot;keyFrames&quot;:[{&quot;opacity&quot;:0}]}}}\" data-sstype=\"layer\"><div id=\"n2-ss-12item1\" class=\"n2-font-e7ffbd39b21eb949098429bd703ab665-hover   n2-ss-item-content n2-ss-text n2-ow\" style=\"display:block;\">Muestra digital<\/div><\/div><div class=\"n2-ss-layer n2-ow n-uc-3vTbGmWLkRPR\" data-pm=\"normal\" data-animv2=\"{&quot;basic&quot;:{&quot;in&quot;:{&quot;type&quot;:&quot;basic&quot;,&quot;name&quot;:&quot;Desvanecer&quot;,&quot;keyFrames&quot;:[{&quot;opacity&quot;:0}]}}}\" data-sstype=\"layer\"><div class=\"n2-ss-item-content n2-ss-text n2-ow-all\"><div class=\"\"><p class=\"n2-font-b1d6ae47c209a63c132c02e194189a78-paragraph   \">Esta secci\u00f3n explora los afectos de las personas hacia el pueblo industrial de Atenquique. Al abordar temas que van desde la nostalgia por la infancia, el hogar, los \u00e1rboles y los bosques, hasta eventos traum\u00e1ticos en la historia local como la inundaci\u00f3n del pueblo el domingo 16 de octubre de 1955, y los objetos atesorados con pasi\u00f3n que resisten a ser olvidados.<\/p>\n<\/div><\/div><\/div><div class=\"n2-ss-layer n2-ow n2-ss-layer--block n2-ss-has-self-align n-uc-1f0e34a7f647c\" data-pm=\"normal\" data-sstype=\"row\"><div class=\"n2-ss-layer-row n2-ss-layer-with-background n-uc-1f0e34a7f647c-inner\"><div class=\"n2-ss-layer-row-inner \"><div class=\"n2-ss-layer n2-ow n-uc-1bd3e7ab8c425\" data-pm=\"default\" data-animv2=\"{&quot;basic&quot;:{&quot;in&quot;:{&quot;type&quot;:&quot;basic&quot;,&quot;name&quot;:&quot;Desvanecer desde la izquierda&quot;,&quot;keyFrames&quot;:[{&quot;opacity&quot;:0,&quot;x&quot;:400}]}}}\" data-ssparallax=\"1\" data-sstype=\"col\"><div class=\"n2-ss-layer-col n2-ss-layer-with-background n2-ss-layer-content n-uc-1bd3e7ab8c425-inner\"><div class=\"n2-ss-layer n2-ow n-uc-EpeKgULstAfi n2-ss-layer--auto\" data-pm=\"normal\" data-animv2=\"{&quot;basic&quot;:{&quot;in&quot;:{&quot;type&quot;:&quot;basic&quot;,&quot;name&quot;:&quot;Desvanecer desde la izquierda&quot;,&quot;keyFrames&quot;:[{&quot;opacity&quot;:0,&quot;x&quot;:400}]}}}\" data-sstype=\"layer\"><div class=\"n2-ss-button-container n2-ss-item-content n2-ow n2-font-2d8b2daca2dc2821f64e4e7fdf18e1d1-link  n2-ss-button-container--non-full-width\"><a class=\"n2-style-388c147d1ab28e34f7a9255f112e4cc4-heading  n2-ow \" href=\"?page_id=1258\"><div><div>Anhelo de casa, anhelo de la infancia<\/div><\/div><\/a><\/div><\/div><\/div><\/div><div class=\"n2-ss-layer n2-ow n-uc-1521527b0df36\" data-pm=\"default\" data-animv2=\"{&quot;basic&quot;:{&quot;in&quot;:{&quot;type&quot;:&quot;basic&quot;,&quot;name&quot;:&quot;Desvanecer desde la derecha&quot;,&quot;keyFrames&quot;:[{&quot;opacity&quot;:0,&quot;x&quot;:-400}]}}}\" data-ssparallax=\"1\" data-sstype=\"col\"><div class=\"n2-ss-layer-col n2-ss-layer-with-background n2-ss-layer-content n-uc-1521527b0df36-inner\"><div class=\"n2-ss-layer n2-ow n-uc-R2ko7gJ0wTXf n2-ss-layer--auto\" data-pm=\"normal\" data-animv2=\"{&quot;basic&quot;:{&quot;in&quot;:{&quot;type&quot;:&quot;basic&quot;,&quot;name&quot;:&quot;Desvanecer desde la derecha&quot;,&quot;keyFrames&quot;:[{&quot;opacity&quot;:0,&quot;x&quot;:-400}]}}}\" data-sstype=\"layer\"><div class=\"n2-ss-button-container n2-ss-item-content n2-ow n2-font-2d8b2daca2dc2821f64e4e7fdf18e1d1-link  n2-ss-button-container--non-full-width\"><a class=\"n2-style-388c147d1ab28e34f7a9255f112e4cc4-heading  n2-ow \" href=\"https:\/\/defectodefabrica.org\/?page_id=1319\"><div><div>Cimentaci\u00f3n<\/div><\/div><\/a><\/div><\/div><\/div><\/div><\/div><\/div><\/div><div class=\"n2-ss-layer n2-ow n2-ss-layer--block n2-ss-has-self-align n-uc-118a6a4846af5\" data-pm=\"normal\" data-sstype=\"row\"><div class=\"n2-ss-layer-row n2-ss-layer-with-background n-uc-118a6a4846af5-inner\"><div class=\"n2-ss-layer-row-inner \"><div class=\"n2-ss-layer n2-ow n-uc-17575862a31b7\" data-pm=\"default\" data-animv2=\"{&quot;basic&quot;:{&quot;in&quot;:{&quot;type&quot;:&quot;basic&quot;,&quot;name&quot;:&quot;Desvanecer desde la izquierda&quot;,&quot;keyFrames&quot;:[{&quot;opacity&quot;:0,&quot;x&quot;:400}]}}}\" data-ssparallax=\"1\" data-sstype=\"col\"><div class=\"n2-ss-layer-col n2-ss-layer-with-background n2-ss-layer-content n-uc-17575862a31b7-inner\"><div class=\"n2-ss-layer n2-ow n-uc-PIfBe6IG5xEN n2-ss-layer--auto\" data-pm=\"normal\" data-animv2=\"{&quot;basic&quot;:{&quot;in&quot;:{&quot;type&quot;:&quot;basic&quot;,&quot;name&quot;:&quot;Desvanecer desde la izquierda&quot;,&quot;keyFrames&quot;:[{&quot;opacity&quot;:0,&quot;x&quot;:400}]}}}\" data-sstype=\"layer\"><div class=\"n2-ss-button-container n2-ss-item-content n2-ow n2-font-2d8b2daca2dc2821f64e4e7fdf18e1d1-link  n2-ss-button-container--non-full-width\"><a class=\"n2-style-388c147d1ab28e34f7a9255f112e4cc4-heading  n2-ow \" href=\"?page_id=1438\"><div><div>La imaginaci\u00f3n del hogar<\/div><\/div><\/a><\/div><\/div><\/div><\/div><div class=\"n2-ss-layer n2-ow n-uc-1a6a1a93e840a\" data-pm=\"default\" data-animv2=\"{&quot;basic&quot;:{&quot;in&quot;:{&quot;type&quot;:&quot;basic&quot;,&quot;name&quot;:&quot;Desvanecer desde la derecha&quot;,&quot;keyFrames&quot;:[{&quot;opacity&quot;:0,&quot;x&quot;:-400}]}}}\" data-ssparallax=\"1\" data-sstype=\"col\"><div class=\"n2-ss-layer-col n2-ss-layer-with-background n2-ss-layer-content n-uc-1a6a1a93e840a-inner\"><div class=\"n2-ss-layer n2-ow n-uc-CC8K0crzUkd6 n2-ss-layer--auto\" data-pm=\"normal\" data-animv2=\"{&quot;basic&quot;:{&quot;in&quot;:{&quot;type&quot;:&quot;basic&quot;,&quot;name&quot;:&quot;Desvanecer desde la derecha&quot;,&quot;keyFrames&quot;:[{&quot;opacity&quot;:0,&quot;x&quot;:-400}]}}}\" data-sstype=\"layer\"><div class=\"n2-ss-button-container n2-ss-item-content n2-ow n2-font-2d8b2daca2dc2821f64e4e7fdf18e1d1-link  n2-ss-button-container--non-full-width\"><a class=\"n2-style-388c147d1ab28e34f7a9255f112e4cc4-heading  n2-ow \" href=\"?page_id=1490\"><div><div>La pasi\u00f3n del coleccionista confina con el caos de sus recuerdos<\/div><\/div><\/a><\/div><\/div><\/div><\/div><\/div><\/div><\/div><div class=\"n2-ss-layer n2-ow n2-ss-layer--block n2-ss-has-self-align n-uc-19ef795ffd45e\" data-pm=\"normal\" data-sstype=\"row\"><div class=\"n2-ss-layer-row n2-ss-layer-with-background n-uc-19ef795ffd45e-inner\"><div class=\"n2-ss-layer-row-inner \"><div class=\"n2-ss-layer n2-ow n-uc-115666211e25b\" data-pm=\"default\" data-animv2=\"{&quot;basic&quot;:{&quot;in&quot;:{&quot;type&quot;:&quot;basic&quot;,&quot;name&quot;:&quot;Desvanecer desde la izquierda&quot;,&quot;keyFrames&quot;:[{&quot;opacity&quot;:0,&quot;x&quot;:400}]}}}\" data-ssparallax=\"1\" data-sstype=\"col\"><div class=\"n2-ss-layer-col n2-ss-layer-with-background n2-ss-layer-content n-uc-115666211e25b-inner\"><div class=\"n2-ss-layer n2-ow n-uc-jizGHbnPXsI2 n2-ss-layer--auto\" data-pm=\"normal\" data-animv2=\"{&quot;basic&quot;:{&quot;in&quot;:{&quot;type&quot;:&quot;basic&quot;,&quot;name&quot;:&quot;Desvanecer desde la izquierda&quot;,&quot;keyFrames&quot;:[{&quot;opacity&quot;:0,&quot;x&quot;:400}]}}}\" data-sstype=\"layer\"><div class=\"n2-ss-button-container n2-ss-item-content n2-ow n2-font-2d8b2daca2dc2821f64e4e7fdf18e1d1-link  n2-ss-button-container--non-full-width\"><a class=\"n2-style-388c147d1ab28e34f7a9255f112e4cc4-heading  n2-ow \" href=\"?page_id=1517\"><div><div>Los d\u00edas de luna llena son los mejores para cortar madera<\/div><\/div><\/a><\/div><\/div><\/div><\/div><div class=\"n2-ss-layer n2-ow n-uc-1be2915b91d27\" data-pm=\"default\" data-animv2=\"{&quot;basic&quot;:{&quot;in&quot;:{&quot;type&quot;:&quot;basic&quot;,&quot;name&quot;:&quot;Desvanecer desde la derecha&quot;,&quot;keyFrames&quot;:[{&quot;opacity&quot;:0,&quot;x&quot;:-400}]}}}\" data-ssparallax=\"1\" data-sstype=\"col\"><div class=\"n2-ss-layer-col n2-ss-layer-with-background n2-ss-layer-content n-uc-1be2915b91d27-inner\"><div class=\"n2-ss-layer n2-ow n-uc-ZwjfEmQ9VSMM n2-ss-layer--auto\" data-pm=\"normal\" data-animv2=\"{&quot;basic&quot;:{&quot;in&quot;:{&quot;type&quot;:&quot;basic&quot;,&quot;name&quot;:&quot;Desvanecer desde la derecha&quot;,&quot;keyFrames&quot;:[{&quot;opacity&quot;:0,&quot;x&quot;:-400}]}}}\" data-sstype=\"layer\"><div class=\"n2-ss-button-container n2-ss-item-content n2-ow n2-font-2d8b2daca2dc2821f64e4e7fdf18e1d1-link  n2-ss-button-container--non-full-width\"><a class=\"n2-style-388c147d1ab28e34f7a9255f112e4cc4-heading  n2-ow \" href=\"?page_id=1523\"><div><div>Todos rezaban en voz baja<\/div><\/div><\/a><\/div><\/div><\/div><\/div><\/div><\/div><\/div><div class=\"n2-ss-layer n2-ow n-uc-UIcFUv4TXeHR n2-ss-layer--auto\" data-pm=\"normal\" data-animv2=\"{&quot;basic&quot;:{&quot;in&quot;:{&quot;type&quot;:&quot;basic&quot;,&quot;name&quot;:&quot;Desvanecer desde abajo&quot;,&quot;keyFrames&quot;:[{&quot;opacity&quot;:0,&quot;y&quot;:-400}]}}}\" data-sstype=\"layer\"><div class=\"n2-ss-button-container n2-ss-item-content n2-ow n2-font-09e2d22bed2dd8d85e8e4bbf2833c187-link  n2-ss-nowrap n2-ss-button-container--non-full-width\"><a class=\"n2-style-a4a3c49fb78c93787ee34994526fb961-heading  n2-ow \" href=\"?page_id=825\"><div><div>Atras<\/div><\/div><\/a><\/div><\/div><\/div><\/div><\/div><\/div><\/div>                    <\/div>\r\n\r\n                                    <\/div>\r\n            <\/div>\r\n        <\/div>\r\n        <\/div><ss3-loader><\/ss3-loader><\/div><\/div><div class=\"n2_clear\"><\/div><\/div><\/ss3-fullpage><\/ss3-force-full-width><\/div>","protected":false},"excerpt":{"rendered":"<p>Muestra Digital<\/p>\n","protected":false},"author":1,"featured_media":0,"parent":0,"menu_order":0,"comment_status":"closed","ping_status":"closed","template":"","meta":{"_uag_custom_page_level_css":"","site-sidebar-layout":"default","site-content-layout":"default","ast-global-header-display":"disabled","ast-banner-title-visibility":"","ast-main-header-display":"","ast-hfb-above-header-display":"","ast-hfb-below-header-display":"","ast-hfb-mobile-header-display":"","site-post-title":"disabled","ast-breadcrumbs-content":"","ast-featured-img":"","footer-sml-layout":"","theme-transparent-header-meta":"enabled","adv-header-id-meta":"","stick-header-meta":"","header-above-stick-meta":"","header-main-stick-meta":"","header-below-stick-meta":""},"uagb_featured_image_src":{"full":false,"thumbnail":false,"medium":false,"medium_large":false,"large":false,"1536x1536":false,"2048x2048":false},"uagb_author_info":{"display_name":"defectoatenquique87@gmail.com","author_link":"https:\/\/defectodefabrica.org\/?author=1"},"uagb_comment_info":0,"uagb_excerpt":"Muestra Digital","_links":{"self":[{"href":"https:\/\/defectodefabrica.org\/index.php?rest_route=\/wp\/v2\/pages\/740"}],"collection":[{"href":"https:\/\/defectodefabrica.org\/index.php?rest_route=\/wp\/v2\/pages"}],"about":[{"href":"https:\/\/defectodefabrica.org\/index.php?rest_route=\/wp\/v2\/types\/page"}],"author":[{"embeddable":true,"href":"https:\/\/defectodefabrica.org\/index.php?rest_route=\/wp\/v2\/users\/1"}],"replies":[{"embeddable":true,"href":"https:\/\/defectodefabrica.org\/index.php?rest_route=%2Fwp%2Fv2%2Fcomments&post=740"}],"version-history":[{"count":23,"href":"https:\/\/defectodefabrica.org\/index.php?rest_route=\/wp\/v2\/pages\/740\/revisions"}],"predecessor-version":[{"id":1525,"href":"https:\/\/defectodefabrica.org\/index.php?rest_route=\/wp\/v2\/pages\/740\/revisions\/1525"}],"wp:attachment":[{"href":"https:\/\/defectodefabrica.org\/index.php?rest_route=%2Fwp%2Fv2%2Fmedia&parent=740"}],"curies":[{"name":"wp","href":"https:\/\/api.w.org\/{rel}","templated":true}]}}