{"id":791,"date":"2023-04-14T18:14:26","date_gmt":"2023-04-14T18:14:26","guid":{"rendered":"https:\/\/defectodefabrica.org\/?page_id=791"},"modified":"2023-06-01T16:13:00","modified_gmt":"2023-06-01T16:13:00","slug":"pagina-de-inicio","status":"publish","type":"page","link":"https:\/\/defectodefabrica.org\/","title":{"rendered":"Pagina de Inicio"},"content":{"rendered":"<div class=\"n2_clear\"><ss3-force-full-width data-overflow-x=\"body\" data-horizontal-selector=\"body\"><ss3-fullpage data-based-on=\"real\" data-threshold=\"150\"><div class=\"n2-section-smartslider fitvidsignore  n2_clear\" data-ssid=\"13\" tabindex=\"0\" role=\"region\" aria-label=\"Slider\"><div id=\"n2-ss-13-align\" class=\"n2-ss-align\"><div class=\"n2-padding\"><div id=\"n2-ss-13\" data-creator=\"Smart Slider 3\" data-responsive=\"fullpage\" class=\"n2-ss-slider n2-ow n2-has-hover n2notransition  n2-ss-feature-post-bg-loader\">\r\n        <div class=\"n2-ss-slider-1 n2_ss__touch_element n2-ow\">\r\n            <div class=\"n2-ss-slider-2 n2-ow\">\r\n                                                <div class=\"n2-ss-slider-3 n2-ow\">\r\n\r\n                    <div class=\"n2-ss-static-slide n2-ow\" data-hide-desktopportrait=\"1\" data-hide-tabletportrait=\"1\"><div class=\"n2-ss-layer n2-ow n-uc-AZtgHEuBNmcZ\" data-sstype=\"slide\" data-pm=\"default\"><div class=\"n2-ss-layer n2-ow n-uc-RSW9scCSSaEc\" data-pm=\"default\" data-sstype=\"content\" data-hasbackground=\"0\"><div class=\"n2-ss-section-main-content n2-ss-layer-with-background n2-ss-layer-content n2-ow n-uc-RSW9scCSSaEc-inner\"><div class=\"n2-ss-layer n2-ow n-uc-yVzEQrLfxVEv\" data-pm=\"normal\" data-animv2=\"{&quot;basic&quot;:{&quot;in&quot;:{&quot;type&quot;:&quot;basic&quot;,&quot;name&quot;:&quot;Desenfocar&quot;,&quot;keyFrames&quot;:[{&quot;opacity&quot;:0,&quot;n2blur&quot;:10}]}}}\" data-sstype=\"layer\"><div class=\" n2-ss-item-image-content n2-ss-item-content n2-ow-all\"><picture class=\"skip-lazy\" data-skip-lazy=\"1\"><source srcset=\"\/\/defectodefabrica.org\/wp-content\/uploads\/slider\/cache\/1c24892d8326533b82a91c0933ccfae5\/Logotipo-principal-DEFECTO-DE-FABRICA-1.webp\" type=\"image\/webp\" media=\"(max-width: 425px)\" class=\"skip-lazy\" data-skip-lazy=\"1\"><source srcset=\"\/\/defectodefabrica.org\/wp-content\/uploads\/slider\/cache\/f42436fa05319528911a09957dcc1f6b\/Logotipo-principal-DEFECTO-DE-FABRICA-1.webp\" type=\"image\/webp\" media=\"(max-width: 800px)\" class=\"skip-lazy\" data-skip-lazy=\"1\"><source srcset=\"\/\/defectodefabrica.org\/wp-content\/uploads\/slider\/cache\/7a80af14b496362971b4cb49f2001a98\/Logotipo-principal-DEFECTO-DE-FABRICA-1.webp\" type=\"image\/webp\" class=\"skip-lazy\" data-skip-lazy=\"1\"><img decoding=\"async\" id=\"n2-ss-13item1\" alt=\"\" class=\"skip-lazy\" loading=\"lazy\" width=\"862\" height=\"1125\" data-skip-lazy=\"1\" src=\"\/\/defectodefabrica.org\/wp-content\/uploads\/2023\/04\/Logotipo-principal-DEFECTO-DE-FABRICA-1.png\" \/><\/picture><\/div><\/div><div class=\"n2-ss-layer n2-ow n2-ss-layer--block n2-ss-has-self-align n-uc-BgUbl5V94ebk\" data-pm=\"normal\" data-sstype=\"row\"><div class=\"n2-ss-layer-row n2-ss-layer-with-background n-uc-BgUbl5V94ebk-inner\"><div class=\"n2-ss-layer-row-inner \"><div class=\"n2-ss-layer n2-ow n-uc-zTrEgphEZZjV\" data-pm=\"default\" data-sstype=\"col\"><div class=\"n2-ss-layer-col n2-ss-layer-with-background n2-ss-layer-content n-uc-zTrEgphEZZjV-inner\"><div class=\"n2-ss-layer n2-ow n-uc-ke5w2E1entm9\" data-pm=\"normal\" data-animv2=\"{&quot;reveal&quot;:{&quot;in&quot;:{&quot;from&quot;:&quot;curtains-horizontal&quot;,&quot;fromease&quot;:&quot;easeOutCubic&quot;,&quot;to&quot;:&quot;curtains-horizontal&quot;,&quot;toease&quot;:&quot;easeOutCubic&quot;,&quot;content&quot;:&quot;fade&quot;,&quot;duration&quot;:2,&quot;delay&quot;:0,&quot;color&quot;:&quot;b2a57b&quot;}}}\" data-sstype=\"layer\"><div id=\"n2-ss-13item2\" class=\"n2-font-0002c3d355daa6939396d9da54d22509-hover n2-style-b56027716f35f307f4a20a0070c22bcb-heading   n2-ss-item-content n2-ss-text n2-ow\" style=\"display:block;\">Despu\u00e9s de la Revoluci\u00f3n mexicana de 1910 y de las Guerras Cristeras de 1926 a 1929 al sur de Jalisco le sigui\u00f3 un ambiente de suma precariedad e incertidumbre. Una vez adquirido el modelo econ\u00f3mico de sustituci\u00f3n de importaciones en 1940 en M\u00e9xico y en Am\u00e9rica Latina, en esta regi\u00f3n se instal\u00f3 una f\u00e1brica paraestatal de papel de tipo kraft o resistente.<br> <br>La Compa\u00f1\u00eda Industrial de Atenquique S. A. (CIDASA) ubicada en el municipio de Tuxpan, Jalisco, tuvo como objetivo el uso de la madera de los bosques de la regi\u00f3n para la elaboraci\u00f3n del papel kraft. Este papel era necesario para el resguardo del cemento requerido en la construcci\u00f3n de infraestructura de la creciente naci\u00f3n moderna. La Compa\u00f1\u00eda emple\u00f3 a cientos de comerciantes, campesinos y campesinos ind\u00edgenas de origen nahua provenientes de los municipios de la zona as\u00ed como inmigrantes europeos y personas de otras regiones del pa\u00eds para ocupar los puestos administrativos y de direcci\u00f3n. Proveyendo a cada uno y a sus familias un estatus social distinto y una mejor calidad de vida.<br><br>Sin embargo, todo esto cambi\u00f3 en la d\u00e9cada de 1980. En 1982 M\u00e9xico experiment\u00f3 una crisis estructural del modelo de industrializaci\u00f3n. Muchas de las f\u00e1bricas con participaci\u00f3n estatal pasaron a la iniciativa privada, y una de ellas fue CIDASA. <br><br>Bajo el control de los nuevos propietarios los 950 obreros fueron liquidados en dos etapas distintas. Despu\u00e9s de que la f\u00e1brica fue vendida al Grupo Industrial Durango en 1987 al municipio de Tuxpan le recorri\u00f3 una enfermedad de nostalgia conocida por los obreros y sus familias como el \u201cS\u00edndrome de Atenquique\u201d. Esta enfermedad la encontraban en la gran pesadez y tristeza que sent\u00edan al recordar su trabajo; en los divorcios, suicidios, alcoholismo y falta de \u00e1nimos o depresi\u00f3n entre sus conocidos. <br><\/div><\/div><div class=\"n2-ss-layer n2-ow n-uc-LFvE2B1DqT03 n2-ss-layer--auto\" data-pm=\"normal\" data-sstype=\"layer\"><div class=\"n2-ss-button-container n2-ss-item-content n2-ow n2-font-f165e467f3d6fafa02c74ab0768dda03-link  n2-ss-nowrap n2-ss-button-container--non-full-width\"><a class=\"n2-style-bb1c320b146a040935e69dcd6d9b98a2-heading  n2-ow \" href=\"?page_id=825\"><div><div>Comenzar<\/div><\/div><\/a><\/div><\/div><\/div><\/div><\/div><\/div><\/div><\/div><\/div><\/div><\/div><div class=\"n2-ss-slide-backgrounds n2-ow-all\"><div class=\"n2-ss-slide-background\" data-public-id=\"1\" data-mode=\"fill\"><div class=\"n2-ss-slide-background-image\" data-blur=\"0\" data-opacity=\"100\" data-x=\"62\" data-y=\"43\" data-alt=\"\" data-title=\"\" style=\"--ss-o-pos-x:62%;--ss-o-pos-y:43%\"><picture class=\"skip-lazy\" data-skip-lazy=\"1\"><source srcset=\"\/\/defectodefabrica.org\/wp-content\/uploads\/2023\/05\/Fondo-Inicio.png\" media=\"(orientation: landscape) and (max-width: 900px),(orientation: portrait) and (max-width: 700px)\" class=\"skip-lazy\" data-skip-lazy=\"1\"><img decoding=\"async\" src=\"\/\/defectodefabrica.org\/wp-content\/uploads\/slider\/cache\/c98b9a07168cc873e7bea06f21743f71\/7.png\" alt=\"\" title=\"\" loading=\"lazy\" class=\"skip-lazy\" data-skip-lazy=\"1\"><\/picture><\/div><div data-color=\"RGBA(255,255,255,0)\" style=\"background-color: RGBA(255,255,255,0);\" class=\"n2-ss-slide-background-color\"><\/div><\/div><\/div>                    <div class=\"n2-ss-slider-4 n2-ow\">\r\n                        <div data-first=\"1\" data-slide-duration=\"0\" data-id=\"44\" data-slide-public-id=\"1\" data-title=\"Slide 1\" data-hide-desktopportrait=\"1\" data-hide-tabletportrait=\"1\" class=\"n2-ss-slide n2-ow  n2-ss-slide-44\"><div role=\"note\" class=\"n2-ss-slide--focus\" tabindex=\"-1\">Slide 1<\/div><div class=\"n2-ss-layers-container n2-ss-slide-limiter n2-ow\"><div class=\"n2-ss-layer n2-ow n-uc-ms7rPesgOLaT\" data-sstype=\"slide\" data-pm=\"default\"><\/div><\/div><\/div>                    <\/div>\r\n\r\n                                    <\/div>\r\n            <\/div>\r\n        <\/div>\r\n        <\/div><ss3-loader><\/ss3-loader><\/div><\/div><div class=\"n2_clear\"><\/div><\/div><\/ss3-fullpage><\/ss3-force-full-width><\/div>\n\n<div class=\"n2_clear\"><ss3-force-full-width data-overflow-x=\"body\" data-horizontal-selector=\"body\"><ss3-fullpage data-based-on=\"real\" data-threshold=\"150\"><div class=\"n2-section-smartslider fitvidsignore  n2_clear\" data-ssid=\"16\" tabindex=\"0\" role=\"region\" aria-label=\"Slider\"><div id=\"n2-ss-16-align\" class=\"n2-ss-align\"><div class=\"n2-padding\"><div id=\"n2-ss-16\" data-creator=\"Smart Slider 3\" data-responsive=\"fullpage\" class=\"n2-ss-slider n2-ow n2-has-hover n2notransition  n2-ss-feature-post-bg-loader\">\r\n        <div class=\"n2-ss-slider-1 n2_ss__touch_element n2-ow\">\r\n            <div class=\"n2-ss-slider-2 n2-ow\">\r\n                                                <div class=\"n2-ss-slider-3 n2-ow\">\r\n\r\n                    <div class=\"n2-ss-static-slide n2-ow\" data-hide-mobileportrait=\"1\"><div class=\"n2-ss-layer n2-ow n-uc-Kin3TTQNwIKI\" data-sstype=\"slide\" data-pm=\"default\"><div class=\"n2-ss-layer n2-ow n-uc-q0oWowDuIN94\" data-pm=\"default\" data-sstype=\"content\" data-hasbackground=\"0\"><div class=\"n2-ss-section-main-content n2-ss-layer-with-background n2-ss-layer-content n2-ow n-uc-q0oWowDuIN94-inner\"><div class=\"n2-ss-layer n2-ow n-uc-JKEJu66ccCgm\" data-pm=\"normal\" data-animv2=\"{&quot;basic&quot;:{&quot;in&quot;:{&quot;type&quot;:&quot;basic&quot;,&quot;name&quot;:&quot;Desenfocar&quot;,&quot;keyFrames&quot;:[{&quot;opacity&quot;:0,&quot;n2blur&quot;:10}]}}}\" data-sstype=\"layer\"><div class=\" n2-ss-item-image-content n2-ss-item-content n2-ow-all\"><picture class=\"skip-lazy\" data-skip-lazy=\"1\"><source srcset=\"\/\/defectodefabrica.org\/wp-content\/uploads\/slider\/cache\/1c24892d8326533b82a91c0933ccfae5\/Logotipo-principal-DEFECTO-DE-FABRICA-1.webp\" type=\"image\/webp\" media=\"(max-width: 425px)\" class=\"skip-lazy\" data-skip-lazy=\"1\"><source srcset=\"\/\/defectodefabrica.org\/wp-content\/uploads\/slider\/cache\/f42436fa05319528911a09957dcc1f6b\/Logotipo-principal-DEFECTO-DE-FABRICA-1.webp\" type=\"image\/webp\" media=\"(max-width: 800px)\" class=\"skip-lazy\" data-skip-lazy=\"1\"><source srcset=\"\/\/defectodefabrica.org\/wp-content\/uploads\/slider\/cache\/7a80af14b496362971b4cb49f2001a98\/Logotipo-principal-DEFECTO-DE-FABRICA-1.webp\" type=\"image\/webp\" class=\"skip-lazy\" data-skip-lazy=\"1\"><img decoding=\"async\" id=\"n2-ss-16item1\" alt=\"\" class=\"skip-lazy\" loading=\"lazy\" width=\"862\" height=\"1125\" data-skip-lazy=\"1\" src=\"\/\/defectodefabrica.org\/wp-content\/uploads\/2023\/04\/Logotipo-principal-DEFECTO-DE-FABRICA-1.png\" \/><\/picture><\/div><\/div><div class=\"n2-ss-layer n2-ow n2-ss-layer--block n2-ss-has-self-align n-uc-6ZCLEYGHRfDI\" data-pm=\"normal\" data-sstype=\"row\"><div class=\"n2-ss-layer-row n2-ss-layer-with-background n-uc-6ZCLEYGHRfDI-inner\"><div class=\"n2-ss-layer-row-inner \"><div class=\"n2-ss-layer n2-ow n-uc-J1Eh1NF8NlR9\" data-pm=\"default\" data-sstype=\"col\"><div class=\"n2-ss-layer-col n2-ss-layer-with-background n2-ss-layer-content n-uc-J1Eh1NF8NlR9-inner\"><div class=\"n2-ss-layer n2-ow n-uc-EQvNO56IeERI\" data-pm=\"normal\" data-animv2=\"{&quot;basic&quot;:{&quot;in&quot;:{&quot;type&quot;:&quot;basic&quot;,&quot;name&quot;:&quot;Reducir tama\\u00f1o y regresar&quot;,&quot;keyFrames&quot;:[{&quot;duration&quot;:2.5,&quot;ease&quot;:&quot;easeOutBack&quot;,&quot;opacity&quot;:0,&quot;scaleX&quot;:1.2,&quot;scaleY&quot;:1.2}]}}}\" data-sstype=\"layer\"><div id=\"n2-ss-16item2\" class=\"n2-font-0002c3d355daa6939396d9da54d22509-hover n2-style-240864f1ff253d504ca0fd522a3ece1b-heading   n2-ss-item-content n2-ss-text n2-ow\" style=\"display:block;\">Despu\u00e9s de la Revoluci\u00f3n mexicana de 1910 y de las Guerras Cristeras de 1926 a 1929 al sur de Jalisco le sigui\u00f3 un ambiente de suma precariedad e incertidumbre. Una vez adquirido el modelo econ\u00f3mico de sustituci\u00f3n de importaciones en 1940 en M\u00e9xico y en Am\u00e9rica Latina, en esta regi\u00f3n se instal\u00f3 una f\u00e1brica paraestatal de papel de tipo kraft o resistente.<br> <br>La Compa\u00f1\u00eda Industrial de Atenquique S. A. (CIDASA) ubicada en la delegaci\u00f3n Atenquique del municipio de Tuxpan, Jalisco, tuvo como objetivo el uso de la madera de los bosques de la regi\u00f3n para la elaboraci\u00f3n del papel kraft. Este papel era necesario para el resguardo del cemento requerido en la construcci\u00f3n de infraestructura de la creciente naci\u00f3n moderna. La Compa\u00f1\u00eda emple\u00f3 a cientos de comerciantes, campesinos y campesinos ind\u00edgenas de origen nahua provenientes de los municipios de la zona as\u00ed como inmigrantes europeos y personas de otras regiones del pa\u00eds para ocupar los puestos administrativos y de direcci\u00f3n. Proveyendo a cada uno y a sus familias un estatus social distinto y una mejor calidad de vida.<br><br>Sin embargo, todo esto cambi\u00f3 en la d\u00e9cada de 1980. En 1982 M\u00e9xico experiment\u00f3 una crisis estructural del modelo de industrializaci\u00f3n. Muchas de las f\u00e1bricas con participaci\u00f3n estatal pasaron a la iniciativa privada, y una de ellas fue CIDASA. <br><br>Bajo el control de los nuevos propietarios los 950 obreros fueron liquidados en dos etapas distintas. Despu\u00e9s de que la f\u00e1brica fue vendida al Grupo Industrial Durango en 1987 al municipio de Tuxpan le recorri\u00f3 una enfermedad de nostalgia conocida por los obreros y sus familias como el \u201cS\u00edndrome de Atenquique\u201d. Esta enfermedad la encontraban en la gran pesadez y tristeza que sent\u00edan al recordar su trabajo; en los divorcios, suicidios, alcoholismo y falta de \u00e1nimos o depresi\u00f3n entre sus conocidos. <br><\/div><\/div><div class=\"n2-ss-layer n2-ow n-uc-OQGleHcbeCLR n2-ss-layer--auto\" data-pm=\"normal\" data-sstype=\"layer\"><div class=\"n2-ss-button-container n2-ss-item-content n2-ow n2-font-f165e467f3d6fafa02c74ab0768dda03-link  n2-ss-nowrap n2-ss-button-container--non-full-width\"><a class=\"n2-style-e8a7e86efbc51148693a2cbba994d1ab-heading  n2-ow \" href=\"?page_id=825\"><div><div>Comenzar<\/div><\/div><\/a><\/div><\/div><\/div><\/div><\/div><\/div><\/div><\/div><\/div><\/div><\/div><div class=\"n2-ss-slide-backgrounds n2-ow-all\"><div class=\"n2-ss-slide-background\" data-public-id=\"1\" data-mode=\"fill\"><div class=\"n2-ss-slide-background-image\" data-blur=\"0\" data-opacity=\"100\" data-x=\"62\" data-y=\"43\" data-alt=\"\" data-title=\"\" style=\"--ss-o-pos-x:62%;--ss-o-pos-y:43%\"><picture class=\"skip-lazy\" data-skip-lazy=\"1\"><source srcset=\"\/\/defectodefabrica.org\/wp-content\/uploads\/2023\/05\/Fondo-Inicio.png\" media=\"(orientation: landscape) and (max-width: 900px),(orientation: portrait) and (max-width: 700px)\" class=\"skip-lazy\" data-skip-lazy=\"1\"><img decoding=\"async\" src=\"\/\/defectodefabrica.org\/wp-content\/uploads\/slider\/cache\/c98b9a07168cc873e7bea06f21743f71\/7.png\" alt=\"\" title=\"\" loading=\"lazy\" class=\"skip-lazy\" data-skip-lazy=\"1\"><\/picture><\/div><div data-color=\"RGBA(255,255,255,0)\" style=\"background-color: RGBA(255,255,255,0);\" class=\"n2-ss-slide-background-color\"><\/div><\/div><\/div>                    <div class=\"n2-ss-slider-4 n2-ow\">\r\n                        <div data-first=\"1\" data-slide-duration=\"0\" data-id=\"60\" data-slide-public-id=\"1\" data-title=\"Slide 1\" data-hide-mobileportrait=\"1\" class=\"n2-ss-slide n2-ow  n2-ss-slide-60\"><div role=\"note\" class=\"n2-ss-slide--focus\" tabindex=\"-1\">Slide 1<\/div><div class=\"n2-ss-layers-container n2-ss-slide-limiter n2-ow\"><div class=\"n2-ss-layer n2-ow n-uc-pjeDrZIg7RoZ\" data-sstype=\"slide\" data-pm=\"default\"><\/div><\/div><\/div>                    <\/div>\r\n\r\n                                    <\/div>\r\n            <\/div>\r\n        <\/div>\r\n        <\/div><ss3-loader><\/ss3-loader><\/div><\/div><div class=\"n2_clear\"><\/div><\/div><\/ss3-fullpage><\/ss3-force-full-width><\/div>\n\n\n<div class=\"wp-block-uagb-container uag-hide-desktop uag-hide-tab uag-hide-mob uagb-block-72eb0606 alignfull uagb-is-root-container\"><div class=\"uagb-container-inner-blocks-wrap\">\n<div class=\"wp-block-uagb-advanced-heading uagb-block-e0e5f176\"><h1 class=\"uagb-heading-text\">Defecto de F\u00e1brica<\/h1><\/div>\n\n\n\n<p class=\"has-ast-global-color-4-color has-text-color has-small-font-size\">Despu\u00e9s de la Revoluci\u00f3n mexicana de 1910 y de las Guerras Cristeras de 1926 a 1929 al sur de Jalisco le sigui\u00f3 un ambiente de suma precariedad e incertidumbre. Una vez adquirido el modelo econ\u00f3mico de sustituci\u00f3n de importaciones en 1940 en M\u00e9xico y en Am\u00e9rica Latina, en esta regi\u00f3n se instal\u00f3 una f\u00e1brica paraestatal de papel de tipo kraft o resistente.&nbsp;<\/p>\n\n\n\n<p class=\"has-ast-global-color-4-color has-text-color has-small-font-size\">La Compa\u00f1\u00eda Industrial de Atenquique S. A. (CIDASA), ubicada en el municipio de Tuxpan, Jalisco, tuvo como objetivo el uso de la madera de los bosques de la regi\u00f3n para la elaboraci\u00f3n de un papel necesario utilizado en el resguardo del cemento para la infraestructura de la creciente naci\u00f3n moderna. La Compa\u00f1\u00eda emple\u00f3 a cientos de comerciantes, campesinos y campesinos ind\u00edgenas de origen nahua provenientes de los municipios de la zona as\u00ed como inmigrantes europeos y personas de otras regiones del pa\u00eds para ocupar los puestos administrativos y de direcci\u00f3n. Proveyendo a cada uno y a sus familias un estatus social distinto y una mejor calidad de vida.&nbsp;<\/p>\n\n\n\n<p class=\"has-ast-global-color-4-color has-text-color has-small-font-size\">Sin embargo, todo esto cambi\u00f3 en la d\u00e9cada de 1980. En 1982 M\u00e9xico experiment\u00f3 una crisis estructural del modelo de industrializaci\u00f3n. Muchas de las f\u00e1bricas con participaci\u00f3n estatal pasaron a la iniciativa privada, y una de ellas fue CIDASA. Bajo el control de los nuevos propietarios los 950 obreros fueron liquidados en dos etapas distintas. Despu\u00e9s de que la f\u00e1brica fue vendida al Grupo Industrial Durango en 1987 a los municipios de Atenquique y Tuxpan les recorri\u00f3 una enfermedad de nostalgia conocida por los obreros y sus familias como el \u201cS\u00edndrome de Atenquique\u201d. Esta enfermedad la encontraban en la gran pesadez y tristeza que sent\u00edan al recordar su trabajo; en los divorcios, suicidios, alcoholismo y falta de \u00e1nimos o depresi\u00f3n entre sus conocidos.&nbsp;<\/p>\n\n\n\n<p class=\"has-ast-global-color-4-color has-text-color has-small-font-size\">El sitio se nombra \u201cDefecto\u201d debido a que la nostalgia generalmente se presenta como un tema tab\u00fa o un defecto, algo que no termina de caer bien, quiz\u00e1s por su romance o por su enso\u00f1aci\u00f3n. Tambi\u00e9n se nombra defecto porque los productos con \u201cdefecto de f\u00e1brica\u201d o con fallas durante la etapa de producci\u00f3n son relegados del sistema, descartados, arrojados a la basura, en general, al olvido, de ah\u00ed que el \u201cdefecto\u201d, para este caso, obedezca a una exclusi\u00f3n de las experiencias de la clase obrera en el sur de Jalisco de la historia del progreso nacional.<\/p>\n\n\n\n<div class=\"wp-block-uagb-buttons uagb-buttons__outer-wrap uagb-btn__default-btn uagb-btn-tablet__default-btn uagb-btn-mobile__default-btn uagb-block-eaabfe2c\"><div class=\"uagb-buttons__wrap uagb-buttons-layout-wrap\">\n<div class=\"wp-block-uagb-buttons-child uagb-buttons__outer-wrap uagb-block-8d0ed236 wp-block-button is-style-outline\"><div class=\"uagb-button__wrapper\"><a class=\"uagb-buttons-repeater wp-block-button__link has-text-color\" href=\"?page_id=825\" onclick=\"return true;\" rel=\"follow noopener\" target=\"_self\"><div class=\"uagb-button__link\">Comenzar<\/div><\/a><\/div><\/div>\n<\/div><\/div>\n<\/div><\/div>\n","protected":false},"excerpt":{"rendered":"<p>Defecto de F\u00e1brica Despu\u00e9s de la Revoluci\u00f3n mexicana de 1910 y de las Guerras Cristeras de 1926 a 1929 al sur de Jalisco le sigui\u00f3 un ambiente de suma precariedad e incertidumbre. Una vez adquirido el modelo econ\u00f3mico de sustituci\u00f3n de importaciones en 1940 en M\u00e9xico y en Am\u00e9rica Latina, en esta regi\u00f3n se instal\u00f3 &hellip;<\/p>\n<p class=\"read-more\"> <a class=\"\" href=\"https:\/\/defectodefabrica.org\/\"> <span class=\"screen-reader-text\">Pagina de Inicio<\/span> Leer m\u00e1s &raquo;<\/a><\/p>\n","protected":false},"author":1,"featured_media":0,"parent":0,"menu_order":0,"comment_status":"closed","ping_status":"closed","template":"","meta":{"_uag_custom_page_level_css":"","site-sidebar-layout":"default","site-content-layout":"default","ast-global-header-display":"disabled","ast-banner-title-visibility":"","ast-main-header-display":"","ast-hfb-above-header-display":"","ast-hfb-below-header-display":"","ast-hfb-mobile-header-display":"","site-post-title":"disabled","ast-breadcrumbs-content":"","ast-featured-img":"","footer-sml-layout":"","theme-transparent-header-meta":"","adv-header-id-meta":"","stick-header-meta":"","header-above-stick-meta":"","header-main-stick-meta":"","header-below-stick-meta":""},"uagb_featured_image_src":{"full":false,"thumbnail":false,"medium":false,"medium_large":false,"large":false,"1536x1536":false,"2048x2048":false},"uagb_author_info":{"display_name":"defectoatenquique87@gmail.com","author_link":"https:\/\/defectodefabrica.org\/?author=1"},"uagb_comment_info":0,"uagb_excerpt":"Defecto de F\u00e1brica Despu\u00e9s de la Revoluci\u00f3n mexicana de 1910 y de las Guerras Cristeras de 1926 a 1929 al sur de Jalisco le sigui\u00f3 un ambiente de suma precariedad e incertidumbre. Una vez adquirido el modelo econ\u00f3mico de sustituci\u00f3n de importaciones en 1940 en M\u00e9xico y en Am\u00e9rica Latina, en esta regi\u00f3n se instal\u00f3&hellip;","_links":{"self":[{"href":"https:\/\/defectodefabrica.org\/index.php?rest_route=\/wp\/v2\/pages\/791"}],"collection":[{"href":"https:\/\/defectodefabrica.org\/index.php?rest_route=\/wp\/v2\/pages"}],"about":[{"href":"https:\/\/defectodefabrica.org\/index.php?rest_route=\/wp\/v2\/types\/page"}],"author":[{"embeddable":true,"href":"https:\/\/defectodefabrica.org\/index.php?rest_route=\/wp\/v2\/users\/1"}],"replies":[{"embeddable":true,"href":"https:\/\/defectodefabrica.org\/index.php?rest_route=%2Fwp%2Fv2%2Fcomments&post=791"}],"version-history":[{"count":62,"href":"https:\/\/defectodefabrica.org\/index.php?rest_route=\/wp\/v2\/pages\/791\/revisions"}],"predecessor-version":[{"id":1627,"href":"https:\/\/defectodefabrica.org\/index.php?rest_route=\/wp\/v2\/pages\/791\/revisions\/1627"}],"wp:attachment":[{"href":"https:\/\/defectodefabrica.org\/index.php?rest_route=%2Fwp%2Fv2%2Fmedia&parent=791"}],"curies":[{"name":"wp","href":"https:\/\/api.w.org\/{rel}","templated":true}]}}