{"id":825,"date":"2023-04-18T23:45:16","date_gmt":"2023-04-18T23:45:16","guid":{"rendered":"https:\/\/defectodefabrica.org\/?page_id=825"},"modified":"2023-05-31T03:19:16","modified_gmt":"2023-05-31T03:19:16","slug":"que-es-ddf","status":"publish","type":"page","link":"https:\/\/defectodefabrica.org\/?page_id=825","title":{"rendered":"\u00bfQu\u00e9 es Defecto de F\u00e1brica?"},"content":{"rendered":"\n<div class=\"wp-block-uagb-container uag-hide-desktop uag-hide-tab uag-hide-mob uagb-block-95cf5e84 alignfull uagb-is-root-container\"><div class=\"uagb-container__video-wrap\"><video autoplay loop muted playsinline><source src=\"https:\/\/defectodefabrica.org\/wp-content\/uploads\/2023\/04\/WhatsApp-Video-2023-04-19-at-6.30.58-PM.mp4\" type=\"video\/mp4\"\/><\/video><\/div><div class=\"uagb-container-inner-blocks-wrap\">\n<div class=\"wp-block-uagb-advanced-heading uagb-block-95649abc\"><h1 class=\"uagb-heading-text\"><br>\u00bfQu\u00e9 es Defecto de F\u00e1brica?<br><br><\/h1><\/div>\n\n\n\n<div class=\"wp-block-columns is-layout-flex wp-container-3\">\n<div class=\"wp-block-column is-layout-flow\">\n<div class=\"wp-block-uagb-advanced-heading uagb-block-5ecff5cb\"><h2 class=\"uagb-heading-text\"><strong>El sitio se nombra \u201cDefecto\u201d debido a que la nostalgia generalmente se presenta como un tema tab\u00fa o un defecto, algo que no termina de caer bien, quiz\u00e1s por su romance o por su enso\u00f1aci\u00f3n. Tambi\u00e9n se nombra defecto porque los productos con \u201cdefecto de f\u00e1brica\u201d o con fallas durante la etapa de producci\u00f3n son relegados del sistema, descartados, arrojados a la basura, en general, al olvido, de ah\u00ed que el \u201cdefecto\u201d, para este caso, obedezca a una exclusi\u00f3n de las experiencias de la clase obrera en el sur de Jalisco de la historia del progreso nacional.<\/strong><\/h2><\/div>\n\n\n\n<div class=\"wp-block-uagb-advanced-heading uagb-block-f2792703\"><\/div>\n\n\n\n<div class=\"wp-block-uagb-advanced-heading uagb-block-93903b55\"><h2 class=\"uagb-heading-text\"><strong>Partiendo de disciplinas como la antropolog\u00eda y la historia as\u00ed como del campo de las artes y del cine de animaci\u00f3n experimental, Defecto de F\u00e1brica propone imaginar la idea de archivo, las colecciones y las pr\u00e1cticas museogr\u00e1ficas como campos de poder. La carencia de un archivo local y de un borramiento de la historia de la etapa paraestatal por parte de la iniciativa privada, incrementaron los intereses de las personas por conservar sus objetos.<\/strong><\/h2><\/div>\n\n\n\n<div class=\"wp-block-uagb-advanced-heading uagb-block-ab2ad4c8\"><h2 class=\"uagb-heading-text\"><strong>El sitio web se conforma de un archivo con una muestra digital interactiva dividida en salas. Adem\u00e1s de las historias de las y los trabajadores de Atenquique sobre la elaboraci\u00f3n del papel kraft, sus pr\u00e1cticas de coleccionismo de sus objetos burocr\u00e1ticos, sus liquidaciones, el f\u00fatbol como indicador social y la experiencia de ser un obrero trans en un ambiente laboral dominado por sujetos masculinos.<\/strong><\/h2><\/div>\n<\/div>\n\n\n\n<div class=\"wp-block-column is-layout-flow\">\n<div class=\"wp-block-uagb-advanced-heading uagb-block-21f80446\"><h2 class=\"uagb-heading-text\"><strong>El proyecto parte de la iniciativa de Armando Carrillo Delgado, ex obrero liquidado de la Compa\u00f1\u00eda Industrial de Atenquique, quien en el a\u00f1o 2020 cre\u00f3 la p\u00e1gina de Facebook Atenquique ayer y hoy. Con el paso de los d\u00edas, y debido a sus publicaciones sobre la historia paraestatal de la f\u00e1brica, la p\u00e1gina de Armando adquiri\u00f3 una gran popularidad y resonancia entre los distintos p\u00fablicos.<\/strong><\/h2><\/div>\n\n\n\n<div class=\"wp-block-uagb-advanced-heading uagb-block-58f60bf7\"><h2 class=\"uagb-heading-text\"><strong>Se trata entonces de un cuestionamiento desde la interdisciplinaridad \u00e9tica a formas de violencia que compone la institucionalidad por el pasado en cuanto espacio en disputa. De tal manera que la propuesta que gu\u00ede este proyecto sea la intervenci\u00f3n como pr\u00e1ctica din\u00e1mica para pensar la experiencia de p\u00e9rdida y el dolor de ex obreros y de sus familias desde la catalogaci\u00f3n, el ordenamiento, la ausencia y el silenciamiento. El archivo se compone de colecciones individuales atesoradas con pasi\u00f3n de a\u00f1os pasados.Y, m\u00e1s que instaurar un orden leg\u00edtimo de la memoria industrial de Atenquique, se adentra en la composici\u00f3n de los recuerdos impregnados de destinos y de sue\u00f1os olvidados por los procesos de privatizaci\u00f3n econ\u00f3mica del siglo XX en M\u00e9xico.<\/strong><\/h2><\/div>\n<\/div>\n<\/div>\n\n\n\n<div class=\"wp-block-uagb-buttons uagb-buttons__outer-wrap uagb-btn__default-btn uagb-btn-tablet__default-btn uagb-btn-mobile__default-btn uagb-block-6862f6f1\"><div class=\"uagb-buttons__wrap uagb-buttons-layout-wrap\">\n<div class=\"wp-block-uagb-buttons-child uagb-buttons__outer-wrap uagb-block-aed375be wp-block-button is-style-outline\"><div class=\"uagb-button__wrapper\"><a class=\"uagb-buttons-repeater wp-block-button__link has-background has-text-color\" href=\"https:\/\/defectodefabrica.org\/\" onclick=\"return true;\" rel=\"follow noopener\" target=\"_self\"><div class=\"uagb-button__link\">Atr\u00e1s<\/div><\/a><\/div><\/div>\n\n\n\n<div class=\"wp-block-uagb-buttons-child uagb-buttons__outer-wrap uagb-block-83015484 wp-block-button is-style-outline\"><div class=\"uagb-button__wrapper\"><a class=\"uagb-buttons-repeater wp-block-button__link has-text-color\" href=\"?page_id=740\" onclick=\"return true;\" rel=\"follow noopener\" target=\"_self\"><div class=\"uagb-button__link\">Muestra Digital<\/div><\/a><\/div><\/div>\n\n\n\n<div class=\"wp-block-uagb-buttons-child uagb-buttons__outer-wrap uagb-block-69160408 wp-block-button is-style-outline\"><div class=\"uagb-button__wrapper\"><a class=\"uagb-buttons-repeater wp-block-button__link has-text-color\" href=\"?page_id=719\" onclick=\"return true;\" rel=\"follow noopener\" target=\"_self\"><div class=\"uagb-button__link\">Siguiente<\/div><\/a><\/div><\/div>\n<\/div><\/div>\n<\/div><\/div>\n\n\n<div class=\"n2_clear\"><ss3-force-full-width data-overflow-x=\"body\" data-horizontal-selector=\"body\"><ss3-fullpage data-based-on=\"real\" data-threshold=\"150\"><div class=\"n2-section-smartslider fitvidsignore  n2_clear\" data-ssid=\"15\" tabindex=\"0\" role=\"region\" aria-label=\"Slider\"><div id=\"n2-ss-15-align\" class=\"n2-ss-align\"><div class=\"n2-padding\"><div id=\"n2-ss-15\" data-creator=\"Smart Slider 3\" data-responsive=\"fullpage\" class=\"n2-ss-slider n2-ow n2-has-hover n2notransition  \">\n\n\n\n\n\n\n\n<div class=\"n2-ss-slider-wrapper-inside\">\r\n        <div class=\"n2-ss-slider-1 n2_ss__touch_element n2-ow\">\r\n            <div class=\"n2-ss-slider-2 n2-ow\">\r\n                <video loop=\"loop\" class=\"n2-ss-slider-background-video n2-ow n2-cover\" playsinline=\"playsinline\" webkit-playsinline=\"webkit-playsinline\" data-keepplaying=\"1\" preload=\"none\" muted=\"muted\"><source src=\"\/\/defectodefabrica.org\/wp-content\/uploads\/2023\/04\/WhatsApp-Video-2023-04-19-at-6.30.58-PM.mp4\" type=\"video\/mp4\"><\/video>                                <div class=\"n2-ss-slider-3 n2-ow\">\r\n\r\n                    <div class=\"n2-ss-static-slide n2-ow\"><div class=\"n2-ss-layer n2-ow n-uc-3FMNu3eWQmWy\" data-sstype=\"slide\" data-pm=\"default\"><div class=\"n2-ss-layer n2-ow n-uc-140480b94a64c\" data-pm=\"default\" data-sstype=\"content\" data-hasbackground=\"0\"><div class=\"n2-ss-section-main-content n2-ss-layer-with-background n2-ss-layer-content n2-ow n-uc-140480b94a64c-inner\"><div class=\"n2-ss-layer n2-ow n2-ss-layer--block n2-ss-has-self-align n-uc-1a540da7f839f\" style=\"z-index:0;\" data-pm=\"normal\" data-animv2=\"{&quot;basic&quot;:{&quot;in&quot;:{&quot;type&quot;:&quot;basic&quot;,&quot;name&quot;:&quot;Bottom&quot;,&quot;keyFrames&quot;:[{&quot;delay&quot;:0.6,&quot;y&quot;:&quot;-200&quot;}]}}}\" data-sstype=\"row\"><div class=\"n2-ss-layer-row n2-ss-layer-with-background n-uc-1a540da7f839f-inner\"><div class=\"n2-ss-layer-row-inner \"><div class=\"n2-ss-layer n2-ow n-uc-1b8d37f724c8f\" data-pm=\"default\" data-sstype=\"col\"><div class=\"n2-ss-layer-col n2-ss-layer-with-background n2-ss-layer-content n-uc-1b8d37f724c8f-inner\"><div class=\"n2-ss-layer n2-ow n2-ss-layer--block n2-ss-has-self-align n-uc-1b302e15dda72\" data-pm=\"normal\" data-sstype=\"row\"><div class=\"n2-ss-layer-row n2-ss-layer-with-background n-uc-1b302e15dda72-inner\"><div class=\"n2-ss-layer-row-inner \"><div class=\"n2-ss-layer n2-ow n-uc-191a5fdf10e1e\" data-pm=\"default\" data-sstype=\"col\"><div class=\"n2-ss-layer-col n2-ss-layer-with-background n2-ss-layer-content n-uc-191a5fdf10e1e-inner\"><div class=\"n2-ss-layer n2-ow n-uc-jSTW4hkf9oqI\" data-pm=\"normal\" data-sstype=\"layer\"><div class=\"n2-ss-button-container n2-ss-item-content n2-ow n2-font-ca15f6d7f63ed8b610fe09fbb7c55f47-link \"><a class=\"n2-style-2f85c69da14842e44f4fc9257117c484-heading  n2-ow \" href=\"https:\/\/defectodefabrica.org\"><div><div> Atr\u00e1s<\/div><\/div><\/a><\/div><\/div><\/div><\/div><\/div><\/div><\/div><\/div><\/div><div class=\"n2-ss-layer n2-ow n-uc-1ce407ed006c5\" data-pm=\"default\" data-sstype=\"col\"><div class=\"n2-ss-layer-col n2-ss-layer-with-background n2-ss-layer-content n-uc-1ce407ed006c5-inner\"><div class=\"n2-ss-layer n2-ow n-uc-vAtVmUBUHlYH\" data-pm=\"normal\" data-sstype=\"layer\"><div class=\"n2-ss-button-container n2-ss-item-content n2-ow n2-font-ca15f6d7f63ed8b610fe09fbb7c55f47-link \"><a class=\"n2-style-2f85c69da14842e44f4fc9257117c484-heading  n2-ow \" href=\"?page_id=740\"><div><div>Muestra Digital<\/div><\/div><\/a><\/div><\/div><\/div><\/div><div class=\"n2-ss-layer n2-ow n-uc-1f4f39f826426\" data-pm=\"default\" data-sstype=\"col\"><div class=\"n2-ss-layer-col n2-ss-layer-with-background n2-ss-layer-content n-uc-1f4f39f826426-inner\"><div class=\"n2-ss-layer n2-ow n-uc-80ccEss7VSzS\" data-pm=\"normal\" data-sstype=\"layer\"><div class=\"n2-ss-button-container n2-ss-item-content n2-ow n2-font-ca15f6d7f63ed8b610fe09fbb7c55f47-link \"><a class=\"n2-style-2f85c69da14842e44f4fc9257117c484-heading  n2-ow \" href=\"?page_id=719\"><div><div>Siguiente<\/div><\/div><\/a><\/div><\/div><\/div><\/div><\/div><\/div><\/div><\/div><\/div><\/div><\/div><div class=\"n2-ss-slide-backgrounds n2-ow-all\"><div class=\"n2-ss-slide-background\" data-public-id=\"1\" data-mode=\"fill\"><div data-color=\"RGBA(0,0,0,0)\" style=\"background-color: RGBA(0,0,0,0);\" class=\"n2-ss-slide-background-color\"><\/div><\/div><div class=\"n2-ss-slide-background\" data-public-id=\"2\" data-mode=\"fill\"><div data-color=\"RGBA(0,0,0,0)\" style=\"background-color: RGBA(0,0,0,0);\" class=\"n2-ss-slide-background-color\"><\/div><\/div><div class=\"n2-ss-slide-background\" data-public-id=\"3\" data-mode=\"fill\"><div data-color=\"RGBA(0,0,0,0)\" style=\"background-color: RGBA(0,0,0,0);\" class=\"n2-ss-slide-background-color\"><\/div><\/div><\/div>                    <div class=\"n2-ss-slider-4 n2-ow\">\r\n                        <div data-first=\"1\" data-slide-duration=\"0\" data-id=\"53\" data-slide-public-id=\"1\" data-title=\"Main\" class=\"n2-ss-slide n2-ow  n2-ss-slide-53\"><div role=\"note\" class=\"n2-ss-slide--focus\" tabindex=\"-1\">Main<\/div><div class=\"n2-ss-layers-container n2-ss-slide-limiter n2-ow\"><div class=\"n2-ss-layer n2-ow n-uc-4F2oMV8D1gqM\" data-sstype=\"slide\" data-pm=\"default\"><div class=\"n2-ss-layer n2-ow n-uc-11ae2a4929c7d\" data-pm=\"default\" data-sstype=\"content\" data-hasbackground=\"0\"><div class=\"n2-ss-section-main-content n2-ss-layer-with-background n2-ss-layer-content n2-ow n-uc-11ae2a4929c7d-inner\"><div class=\"n2-ss-layer n2-ow n-uc-fhu03wbZOKBY\" data-pm=\"normal\" data-animv2=\"{&quot;basic&quot;:{&quot;in&quot;:{&quot;type&quot;:&quot;basic&quot;,&quot;name&quot;:&quot;Upscale&quot;,&quot;keyFrames&quot;:[{&quot;delay&quot;:0.05,&quot;opacity&quot;:0,&quot;y&quot;:&quot;-50&quot;,&quot;rotationX&quot;:&quot;50&quot;}]}}}\" data-sstype=\"layer\"><div id=\"n2-ss-15item1\" class=\"n2-font-c0fd8fe4eb3664875d08779a10006299-hover   n2-ss-item-content n2-ss-text n2-ow\" style=\"display:block;\">\u00bfQu\u00e9 es \u201cDefecto de F\u00e1brica\u201d?<\/div><\/div><div class=\"n2-ss-layer n2-ow n-uc-tVpwYW6jU7CU\" data-pm=\"normal\" data-animv2=\"{&quot;basic&quot;:{&quot;in&quot;:{&quot;type&quot;:&quot;basic&quot;,&quot;name&quot;:&quot;Upscale&quot;,&quot;keyFrames&quot;:[{&quot;delay&quot;:0.2,&quot;opacity&quot;:0,&quot;y&quot;:&quot;-50&quot;,&quot;rotationX&quot;:&quot;50&quot;}]}}}\" data-sstype=\"layer\"><div id=\"n2-ss-15item2\" class=\"n2-font-7e327f25e0773a2b7c2a82b5a9e8d329-hover n2-style-e8bb15421dbeb5e0c2e9a2e430dd566d-heading   n2-ss-item-content n2-ss-text n2-ow\" style=\"display:block;\">El sitio se nombra \u201cDefecto\u201d debido a que la nostalgia generalmente se presenta como un tema tab\u00fa o un defecto, algo que no termina de caer bien, quiz\u00e1s por su romance o por su enso\u00f1aci\u00f3n. Tambi\u00e9n se nombra defecto porque los productos con \u201cdefecto de f\u00e1brica\u201d o con fallas durante la etapa de producci\u00f3n son relegados del sistema, descartados, arrojados a la basura, en general, al olvido, de ah\u00ed que el \u201cdefecto\u201d, para este caso, obedezca a una exclusi\u00f3n de las experiencias de la clase obrera en el sur de Jalisco de la historia del progreso nacional.<\/div><\/div><\/div><\/div><\/div><\/div><\/div><div data-slide-duration=\"0\" data-id=\"57\" data-slide-public-id=\"2\" data-title=\"Main\" class=\"n2-ss-slide n2-ow  n2-ss-slide-57\"><div role=\"note\" class=\"n2-ss-slide--focus\" tabindex=\"-1\">Main<\/div><div class=\"n2-ss-layers-container n2-ss-slide-limiter n2-ow\"><div class=\"n2-ss-layer n2-ow n-uc-nYDqPJdDU75D\" data-sstype=\"slide\" data-pm=\"default\"><div class=\"n2-ss-layer n2-ow n-uc-XwUSgTfcyKiK\" data-pm=\"default\" data-sstype=\"content\" data-hasbackground=\"0\"><div class=\"n2-ss-section-main-content n2-ss-layer-with-background n2-ss-layer-content n2-ow n-uc-XwUSgTfcyKiK-inner\"><div class=\"n2-ss-layer n2-ow n-uc-fbVhjvRfJwTG\" data-pm=\"normal\" data-animv2=\"{&quot;basic&quot;:{&quot;in&quot;:{&quot;type&quot;:&quot;basic&quot;,&quot;name&quot;:&quot;Upscale&quot;,&quot;keyFrames&quot;:[{&quot;delay&quot;:0.2,&quot;opacity&quot;:0,&quot;y&quot;:&quot;-50&quot;,&quot;rotationX&quot;:&quot;50&quot;}]}}}\" data-sstype=\"layer\"><div id=\"n2-ss-15item3\" class=\"n2-font-7e327f25e0773a2b7c2a82b5a9e8d329-hover n2-style-e8bb15421dbeb5e0c2e9a2e430dd566d-heading   n2-ss-item-content n2-ss-text n2-ow\" style=\"display:block;\">El proyecto parte de la iniciativa de Armando Carrillo Delgado, ex obrero liquidado de la Compa\u00f1\u00eda Industrial de Atenquique, quien en el a\u00f1o 2020 cre\u00f3 la p\u00e1gina de Facebook Atenquique ayer y hoy. Con el paso de los d\u00edas, y debido a sus publicaciones sobre la historia paraestatal de la f\u00e1brica, la p\u00e1gina de Armando adquiri\u00f3 una gran popularidad y resonancia entre los distintos p\u00fablicos.<br><br>La carencia de un archivo local y de un borramiento de la historia de la etapa paraestatal por parte de la iniciativa privada, incrementaron los intereses de las personas por conservar sus objetos. El archivo se compone de colecciones individuales atesoradas con pasi\u00f3n de a\u00f1os pasados.Y, m\u00e1s que instaurar un orden leg\u00edtimo de la memoria industrial de Atenquique, se adentra en la composici\u00f3n de los recuerdos impregnados de destinos y de sue\u00f1os olvidados por los procesos de privatizaci\u00f3n econ\u00f3mica del siglo XX en M\u00e9xico. <br><\/div><\/div><\/div><\/div><\/div><\/div><\/div><div data-slide-duration=\"0\" data-id=\"58\" data-slide-public-id=\"3\" data-title=\"Main\" class=\"n2-ss-slide n2-ow  n2-ss-slide-58\"><div role=\"note\" class=\"n2-ss-slide--focus\" tabindex=\"-1\">Main<\/div><div class=\"n2-ss-layers-container n2-ss-slide-limiter n2-ow\"><div class=\"n2-ss-layer n2-ow n-uc-U0x25QrUkzo6\" data-sstype=\"slide\" data-pm=\"default\"><div class=\"n2-ss-layer n2-ow n-uc-abJXHsZj3Wts\" data-pm=\"default\" data-sstype=\"content\" data-hasbackground=\"0\"><div class=\"n2-ss-section-main-content n2-ss-layer-with-background n2-ss-layer-content n2-ow n-uc-abJXHsZj3Wts-inner\"><div class=\"n2-ss-layer n2-ow n-uc-nvwDmgIqOV0e\" data-pm=\"normal\" data-animv2=\"{&quot;basic&quot;:{&quot;in&quot;:{&quot;type&quot;:&quot;basic&quot;,&quot;name&quot;:&quot;Upscale&quot;,&quot;keyFrames&quot;:[{&quot;delay&quot;:0.2,&quot;opacity&quot;:0,&quot;y&quot;:&quot;-50&quot;,&quot;rotationX&quot;:&quot;50&quot;}]}}}\" data-sstype=\"layer\"><div id=\"n2-ss-15item4\" class=\"n2-font-7e327f25e0773a2b7c2a82b5a9e8d329-hover n2-style-e8bb15421dbeb5e0c2e9a2e430dd566d-heading   n2-ss-item-content n2-ss-text n2-ow\" style=\"display:block;\">Partiendo de disciplinas como la antropolog\u00eda y la historia as\u00ed como del campo de las artes y del cine de animaci\u00f3n experimental, Defecto de F\u00e1brica propone imaginar la idea de archivo, las colecciones y las pr\u00e1cticas museogr\u00e1ficas como campos de poder. Se trata de un cuestionamiento desde la interdisciplinaridad \u00e9tica a formas de violencia que compone la institucionalidad por el pasado en cuanto espacio en disputa. La propuesta que gu\u00eda este proyecto es la intervenci\u00f3n como pr\u00e1ctica din\u00e1mica para pensar la experiencia de p\u00e9rdida y el dolor de ex obreros y de sus familias desde la catalogaci\u00f3n, la reinvenci\u00f3n, la ausencia y el silenciamiento.<br><br>El sitio web se conforma de un archivo con una muestra digital interactiva dividida en salas. Adem\u00e1s de las historias de las y los trabajadores de Atenquique sobre la elaboraci\u00f3n del papel kraft, sus pr\u00e1cticas de coleccionismo de sus objetos burocr\u00e1ticos, sus liquidaciones, el f\u00fatbol como indicador social y la experiencia de ser un obrero trans en un ambiente laboral dominado por sujetos masculinos.<\/div><\/div><\/div><\/div><\/div><\/div><\/div>                    <\/div>\r\n\r\n                                    <\/div>\r\n            <\/div>\r\n        <\/div>\r\n        <div class=\"n2-ss-slider-controls n2-ss-slider-controls-absolute-right-center\"><div style=\"--widget-offset:5px;\" class=\"n2-ss-widget n2-ss-control-bullet n2-ow-all n2-ss-control-bullet-vertical\" data-hide-mobileportrait=\"1\"><div class=\" nextend-bullet-bar n2-bar-justify-content-center\"><div class=\"n2-bullet n2-style-3d0d0250420791420b58805be3dd2a71-dot n2-font-53d93c6c72782954cc636d70ab8398c5-dot \" style=\"visibility:hidden;\">&nbsp;<\/div><\/div><\/div><\/div><div class=\"n2-ss-slider-controls n2-ss-slider-controls-absolute-left-bottom\"><div class=\"n2-ss-widget nextend-indicator nextend-indicator-stripe n2-ow-all\" data-hide-mobilelandscape=\"1\" data-hide-mobileportrait=\"1\" style=\"background-color:RGBA(0,0,0,0.67);width:100%;\"><div class=\"nextend-indicator-track\" style=\"height: 6px;background-color:RGBA(89,34,2,1);\"><\/div><\/div><\/div><\/div><\/div><ss3-loader><\/ss3-loader><\/div><\/div><div class=\"n2_clear\"><\/div><\/div><\/ss3-fullpage><\/ss3-force-full-width><\/div>","protected":false},"excerpt":{"rendered":"<p>\u00bfQu\u00e9 es Defecto de F\u00e1brica? El sitio se nombra \u201cDefecto\u201d debido a que la nostalgia generalmente se presenta como un tema tab\u00fa o un defecto, algo que no termina de caer bien, quiz\u00e1s por su romance o por su enso\u00f1aci\u00f3n. Tambi\u00e9n se nombra defecto porque los productos con \u201cdefecto de f\u00e1brica\u201d o con fallas durante &hellip;<\/p>\n<p class=\"read-more\"> <a class=\"\" href=\"https:\/\/defectodefabrica.org\/?page_id=825\"> <span class=\"screen-reader-text\">\u00bfQu\u00e9 es Defecto de F\u00e1brica?<\/span> Leer m\u00e1s &raquo;<\/a><\/p>\n","protected":false},"author":1,"featured_media":0,"parent":0,"menu_order":0,"comment_status":"closed","ping_status":"closed","template":"","meta":{"_uag_custom_page_level_css":"","site-sidebar-layout":"default","site-content-layout":"default","ast-global-header-display":"disabled","ast-banner-title-visibility":"","ast-main-header-display":"","ast-hfb-above-header-display":"","ast-hfb-below-header-display":"","ast-hfb-mobile-header-display":"","site-post-title":"disabled","ast-breadcrumbs-content":"","ast-featured-img":"","footer-sml-layout":"","theme-transparent-header-meta":"","adv-header-id-meta":"","stick-header-meta":"","header-above-stick-meta":"","header-main-stick-meta":"","header-below-stick-meta":""},"uagb_featured_image_src":{"full":false,"thumbnail":false,"medium":false,"medium_large":false,"large":false,"1536x1536":false,"2048x2048":false},"uagb_author_info":{"display_name":"defectoatenquique87@gmail.com","author_link":"https:\/\/defectodefabrica.org\/?author=1"},"uagb_comment_info":0,"uagb_excerpt":"\u00bfQu\u00e9 es Defecto de F\u00e1brica? El sitio se nombra \u201cDefecto\u201d debido a que la nostalgia generalmente se presenta como un tema tab\u00fa o un defecto, algo que no termina de caer bien, quiz\u00e1s por su romance o por su enso\u00f1aci\u00f3n. Tambi\u00e9n se nombra defecto porque los productos con \u201cdefecto de f\u00e1brica\u201d o con fallas durante&hellip;","_links":{"self":[{"href":"https:\/\/defectodefabrica.org\/index.php?rest_route=\/wp\/v2\/pages\/825"}],"collection":[{"href":"https:\/\/defectodefabrica.org\/index.php?rest_route=\/wp\/v2\/pages"}],"about":[{"href":"https:\/\/defectodefabrica.org\/index.php?rest_route=\/wp\/v2\/types\/page"}],"author":[{"embeddable":true,"href":"https:\/\/defectodefabrica.org\/index.php?rest_route=\/wp\/v2\/users\/1"}],"replies":[{"embeddable":true,"href":"https:\/\/defectodefabrica.org\/index.php?rest_route=%2Fwp%2Fv2%2Fcomments&post=825"}],"version-history":[{"count":59,"href":"https:\/\/defectodefabrica.org\/index.php?rest_route=\/wp\/v2\/pages\/825\/revisions"}],"predecessor-version":[{"id":1617,"href":"https:\/\/defectodefabrica.org\/index.php?rest_route=\/wp\/v2\/pages\/825\/revisions\/1617"}],"wp:attachment":[{"href":"https:\/\/defectodefabrica.org\/index.php?rest_route=%2Fwp%2Fv2%2Fmedia&parent=825"}],"curies":[{"name":"wp","href":"https:\/\/api.w.org\/{rel}","templated":true}]}}